{"id":1222,"date":"2022-10-27T10:12:55","date_gmt":"2022-10-27T14:12:55","guid":{"rendered":"https:\/\/sioctave.com\/terms-of-use\/"},"modified":"2023-09-13T12:03:15","modified_gmt":"2023-09-13T16:03:15","slug":"terms-of-use","status":"publish","type":"page","link":"https:\/\/sioctave.com\/en\/terms-of-use\/","title":{"rendered":"Terms of use"},"content":{"rendered":"\t\t<div data-elementor-type=\"wp-page\" data-elementor-id=\"1222\" class=\"elementor elementor-1222 elementor-1190\" data-elementor-post-type=\"page\">\n\t\t\t\t\t\t<section class=\"elementor-section elementor-top-section elementor-element elementor-element-7d8b0bf elementor-section-boxed elementor-section-height-default elementor-section-height-default\" data-id=\"7d8b0bf\" data-element_type=\"section\">\n\t\t\t\t\t\t<div class=\"elementor-container elementor-column-gap-default\">\n\t\t\t\t\t<div class=\"elementor-column elementor-col-100 elementor-top-column elementor-element elementor-element-ec42393\" data-id=\"ec42393\" data-element_type=\"column\">\n\t\t\t<div class=\"elementor-widget-wrap elementor-element-populated\">\n\t\t\t\t\t\t<div class=\"elementor-element elementor-element-a7e5a44 elementor-widget elementor-widget-text-editor\" data-id=\"a7e5a44\" data-element_type=\"widget\" data-widget_type=\"text-editor.default\">\n\t\t\t\t<div class=\"elementor-widget-container\">\n\t\t\t\t\t\t\t\t\t<p class=\"a\"><strong>Agreement between user and Octave Soci\u00e9t\u00e9 immobili\u00e8re<\/strong><\/p>\r\n\r\n<p class=\"a\">The user has access to the website of Octave Soci\u00e9t\u00e9 immobili\u00e8re based on the general conditions established in the present document. The usage of this site implies the approbation of these conditions, which are subject to change without warning.<\/p>\r\n\r\n<p class=\"a\"><strong>Links to Third-Parties<\/strong><\/p>\r\n\r\n<p class=\"a\">The website of Octave Soci\u00e9t\u00e9 immobili\u00e8re can present links going to sites of other companies and organisms. These sites are not controlled by Octave Soci\u00e9t\u00e9 immobili\u00e8re, therefore, Octave Soci\u00e9t\u00e9 immobili\u00e8re offers no guarantees in regards to them. These links are simply provided to facilitate access. You reserve the right to use them.<\/p>\r\n\r\n<p class=\"a\"><strong>Illegal or Forbidden Usage<\/strong><\/p>\r\n\r\n<p class=\"a\">It is implied that the user will not use Octave Soci\u00e9t\u00e9 immobili\u00e8re website in any illegal ways that would breach the current user conditions presented in this present document. The website may not be used with the purposes of damaging, deactivating, or hide the navigation from other users. The user cannot attempt to access the informative system of Octave Soci\u00e9t\u00e9 immobili\u00e8re, including a host server of Octave Soci\u00e9t\u00e9 immobili\u00e8re\u2019s website, unless authorized to do so. This includes any hacking, password searching, and any other fraudulent practices. They must not obtain or try to get material or information that Octave Soci\u00e9t\u00e9 immobili\u00e8re wishes to keep away from their private site.<\/p>\t\t\t\t\t\t\t\t<\/div>\n\t\t\t\t<\/div>\n\t\t\t\t\t<\/div>\n\t\t<\/div>\n\t\t\t\t\t<\/div>\n\t\t<\/section>\n\t\t\t\t<\/div>\n\t\t","protected":false},"excerpt":{"rendered":"<p>Agreement between user and The user has access to the website of based on the general conditions established in the present document. The usage of this site implies the approbation of these conditions, which are subject to change without warning. Links to Third-Parties The website of can present links going to sites of other companies [&hellip;]<\/p>\n","protected":false},"author":2,"featured_media":0,"parent":0,"menu_order":100,"comment_status":"closed","ping_status":"closed","template":"","meta":{"_acf_changed":false,"inline_featured_image":false,"site-sidebar-layout":"no-sidebar","site-content-layout":"page-builder","ast-site-content-layout":"default","site-content-style":"default","site-sidebar-style":"default","ast-global-header-display":"","ast-banner-title-visibility":"","ast-main-header-display":"","ast-hfb-above-header-display":"","ast-hfb-below-header-display":"","ast-hfb-mobile-header-display":"","site-post-title":"disabled","ast-breadcrumbs-content":"","ast-featured-img":"disabled","footer-sml-layout":"","theme-transparent-header-meta":"default","adv-header-id-meta":"","stick-header-meta":"","header-above-stick-meta":"","header-main-stick-meta":"","header-below-stick-meta":"","astra-migrate-meta-layouts":"default","ast-page-background-enabled":"default","ast-page-background-meta":{"desktop":{"background-color":"var(--ast-global-color-4)","background-image":"","background-repeat":"repeat","background-position":"center center","background-size":"auto","background-attachment":"scroll","background-type":"","background-media":"","overlay-type":"","overlay-color":"","overlay-opacity":"","overlay-gradient":""},"tablet":{"background-color":"","background-image":"","background-repeat":"repeat","background-position":"center center","background-size":"auto","background-attachment":"scroll","background-type":"","background-media":"","overlay-type":"","overlay-color":"","overlay-opacity":"","overlay-gradient":""},"mobile":{"background-color":"","background-image":"","background-repeat":"repeat","background-position":"center center","background-size":"auto","background-attachment":"scroll","background-type":"","background-media":"","overlay-type":"","overlay-color":"","overlay-opacity":"","overlay-gradient":""}},"ast-content-background-meta":{"desktop":{"background-color":"var(--ast-global-color-5)","background-image":"","background-repeat":"repeat","background-position":"center center","background-size":"auto","background-attachment":"scroll","background-type":"","background-media":"","overlay-type":"","overlay-color":"","overlay-opacity":"","overlay-gradient":""},"tablet":{"background-color":"var(--ast-global-color-5)","background-image":"","background-repeat":"repeat","background-position":"center center","background-size":"auto","background-attachment":"scroll","background-type":"","background-media":"","overlay-type":"","overlay-color":"","overlay-opacity":"","overlay-gradient":""},"mobile":{"background-color":"var(--ast-global-color-5)","background-image":"","background-repeat":"repeat","background-position":"center center","background-size":"auto","background-attachment":"scroll","background-type":"","background-media":"","overlay-type":"","overlay-color":"","overlay-opacity":"","overlay-gradient":""}},"footnotes":""},"class_list":["post-1222","page","type-page","status-publish","hentry"],"acf":[],"yoast_head":"<!-- This site is optimized with the Yoast SEO plugin v26.4 - https:\/\/yoast.com\/wordpress\/plugins\/seo\/ -->\n<title>Terms of use | Octave Soci\u00e9t\u00e9 immobili\u00e8re<\/title>\n<meta name=\"robots\" content=\"noindex, nofollow\" \/>\n<meta property=\"og:locale\" content=\"en_US\" \/>\n<meta property=\"og:type\" content=\"article\" \/>\n<meta property=\"og:title\" content=\"Terms of use | Octave Soci\u00e9t\u00e9 immobili\u00e8re\" \/>\n<meta property=\"og:description\" content=\"Agreement between user and The user has access to the website of based on the general conditions established in the present document. The usage of this site implies the approbation of these conditions, which are subject to change without warning. Links to Third-Parties The website of can present links going to sites of other companies [&hellip;]\" \/>\n<meta property=\"og:url\" content=\"https:\/\/sioctave.com\/en\/terms-of-use\/\" \/>\n<meta property=\"og:site_name\" content=\"Octave Soci\u00e9t\u00e9 immobili\u00e8re\" \/>\n<meta property=\"article:publisher\" content=\"https:\/\/www.facebook.com\/SIOctave\" \/>\n<meta property=\"article:modified_time\" content=\"2023-09-13T16:03:15+00:00\" \/>\n<meta property=\"og:image\" content=\"https:\/\/sioctave.com\/wp-content\/uploads\/2023\/12\/160-x-160-profile-pic-octave.jpg\" \/>\n\t<meta property=\"og:image:width\" content=\"500\" \/>\n\t<meta property=\"og:image:height\" content=\"500\" \/>\n\t<meta property=\"og:image:type\" content=\"image\/jpeg\" \/>\n<meta name=\"twitter:card\" content=\"summary_large_image\" \/>\n<meta name=\"twitter:label1\" content=\"Est. reading time\" \/>\n\t<meta name=\"twitter:data1\" content=\"1 minute\" \/>\n<script type=\"application\/ld+json\" class=\"yoast-schema-graph\">{\"@context\":\"https:\/\/schema.org\",\"@graph\":[{\"@type\":\"WebPage\",\"@id\":\"https:\/\/sioctave.com\/en\/terms-of-use\/\",\"url\":\"https:\/\/sioctave.com\/en\/terms-of-use\/\",\"name\":\"Terms of use | Octave Soci\u00e9t\u00e9 immobili\u00e8re\",\"isPartOf\":{\"@id\":\"https:\/\/sioctave.com\/en\/#website\"},\"datePublished\":\"2022-10-27T14:12:55+00:00\",\"dateModified\":\"2023-09-13T16:03:15+00:00\",\"breadcrumb\":{\"@id\":\"https:\/\/sioctave.com\/en\/terms-of-use\/#breadcrumb\"},\"inLanguage\":\"en-US\",\"potentialAction\":[{\"@type\":\"ReadAction\",\"target\":[\"https:\/\/sioctave.com\/en\/terms-of-use\/\"]}]},{\"@type\":\"BreadcrumbList\",\"@id\":\"https:\/\/sioctave.com\/en\/terms-of-use\/#breadcrumb\",\"itemListElement\":[{\"@type\":\"ListItem\",\"position\":1,\"name\":\"Homepage\",\"item\":\"https:\/\/sioctave.com\/en\/\"},{\"@type\":\"ListItem\",\"position\":2,\"name\":\"Terms of use\"}]},{\"@type\":\"WebSite\",\"@id\":\"https:\/\/sioctave.com\/en\/#website\",\"url\":\"https:\/\/sioctave.com\/en\/\",\"name\":\"Octave Soci\u00e9t\u00e9 immobili\u00e8re\",\"description\":\"Manage. Optimize. Develop.\",\"publisher\":{\"@id\":\"https:\/\/sioctave.com\/en\/#organization\"},\"potentialAction\":[{\"@type\":\"SearchAction\",\"target\":{\"@type\":\"EntryPoint\",\"urlTemplate\":\"https:\/\/sioctave.com\/en\/?s={search_term_string}\"},\"query-input\":{\"@type\":\"PropertyValueSpecification\",\"valueRequired\":true,\"valueName\":\"search_term_string\"}}],\"inLanguage\":\"en-US\"},{\"@type\":\"Organization\",\"@id\":\"https:\/\/sioctave.com\/en\/#organization\",\"name\":\"Octave Soci\u00e9t\u00e9 immobili\u00e8re\",\"url\":\"https:\/\/sioctave.com\/en\/\",\"logo\":{\"@type\":\"ImageObject\",\"inLanguage\":\"en-US\",\"@id\":\"https:\/\/sioctave.com\/en\/#\/schema\/logo\/image\/\",\"url\":\"https:\/\/sioctave.com\/wp-content\/uploads\/2022\/11\/octave-societe-immobiliere.jpg\",\"contentUrl\":\"https:\/\/sioctave.com\/wp-content\/uploads\/2022\/11\/octave-societe-immobiliere.jpg\",\"width\":835,\"height\":835,\"caption\":\"Octave Soci\u00e9t\u00e9 immobili\u00e8re\"},\"image\":{\"@id\":\"https:\/\/sioctave.com\/en\/#\/schema\/logo\/image\/\"},\"sameAs\":[\"https:\/\/www.facebook.com\/SIOctave\",\"https:\/\/www.linkedin.com\/in\/david-pineault-g-3a4529207\/\",\"https:\/\/www.youtube.com\/channel\/UCCEE6JCwBWtYyh6dzh0DfCw\"]}]}<\/script>\n<!-- \/ Yoast SEO plugin. -->","yoast_head_json":{"title":"Terms of use | Octave Soci\u00e9t\u00e9 immobili\u00e8re","robots":{"index":"noindex","follow":"nofollow"},"og_locale":"en_US","og_type":"article","og_title":"Terms of use | Octave Soci\u00e9t\u00e9 immobili\u00e8re","og_description":"Agreement between user and The user has access to the website of based on the general conditions established in the present document. The usage of this site implies the approbation of these conditions, which are subject to change without warning. Links to Third-Parties The website of can present links going to sites of other companies [&hellip;]","og_url":"https:\/\/sioctave.com\/en\/terms-of-use\/","og_site_name":"Octave Soci\u00e9t\u00e9 immobili\u00e8re","article_publisher":"https:\/\/www.facebook.com\/SIOctave","article_modified_time":"2023-09-13T16:03:15+00:00","og_image":[{"width":500,"height":500,"url":"https:\/\/sioctave.com\/wp-content\/uploads\/2023\/12\/160-x-160-profile-pic-octave.jpg","type":"image\/jpeg"}],"twitter_card":"summary_large_image","twitter_misc":{"Est. reading time":"1 minute"},"schema":{"@context":"https:\/\/schema.org","@graph":[{"@type":"WebPage","@id":"https:\/\/sioctave.com\/en\/terms-of-use\/","url":"https:\/\/sioctave.com\/en\/terms-of-use\/","name":"Terms of use | Octave Soci\u00e9t\u00e9 immobili\u00e8re","isPartOf":{"@id":"https:\/\/sioctave.com\/en\/#website"},"datePublished":"2022-10-27T14:12:55+00:00","dateModified":"2023-09-13T16:03:15+00:00","breadcrumb":{"@id":"https:\/\/sioctave.com\/en\/terms-of-use\/#breadcrumb"},"inLanguage":"en-US","potentialAction":[{"@type":"ReadAction","target":["https:\/\/sioctave.com\/en\/terms-of-use\/"]}]},{"@type":"BreadcrumbList","@id":"https:\/\/sioctave.com\/en\/terms-of-use\/#breadcrumb","itemListElement":[{"@type":"ListItem","position":1,"name":"Homepage","item":"https:\/\/sioctave.com\/en\/"},{"@type":"ListItem","position":2,"name":"Terms of use"}]},{"@type":"WebSite","@id":"https:\/\/sioctave.com\/en\/#website","url":"https:\/\/sioctave.com\/en\/","name":"Octave Soci\u00e9t\u00e9 immobili\u00e8re","description":"Manage. Optimize. Develop.","publisher":{"@id":"https:\/\/sioctave.com\/en\/#organization"},"potentialAction":[{"@type":"SearchAction","target":{"@type":"EntryPoint","urlTemplate":"https:\/\/sioctave.com\/en\/?s={search_term_string}"},"query-input":{"@type":"PropertyValueSpecification","valueRequired":true,"valueName":"search_term_string"}}],"inLanguage":"en-US"},{"@type":"Organization","@id":"https:\/\/sioctave.com\/en\/#organization","name":"Octave Soci\u00e9t\u00e9 immobili\u00e8re","url":"https:\/\/sioctave.com\/en\/","logo":{"@type":"ImageObject","inLanguage":"en-US","@id":"https:\/\/sioctave.com\/en\/#\/schema\/logo\/image\/","url":"https:\/\/sioctave.com\/wp-content\/uploads\/2022\/11\/octave-societe-immobiliere.jpg","contentUrl":"https:\/\/sioctave.com\/wp-content\/uploads\/2022\/11\/octave-societe-immobiliere.jpg","width":835,"height":835,"caption":"Octave Soci\u00e9t\u00e9 immobili\u00e8re"},"image":{"@id":"https:\/\/sioctave.com\/en\/#\/schema\/logo\/image\/"},"sameAs":["https:\/\/www.facebook.com\/SIOctave","https:\/\/www.linkedin.com\/in\/david-pineault-g-3a4529207\/","https:\/\/www.youtube.com\/channel\/UCCEE6JCwBWtYyh6dzh0DfCw"]}]}},"_links":{"self":[{"href":"https:\/\/sioctave.com\/en\/wp-json\/wp\/v2\/pages\/1222","targetHints":{"allow":["GET"]}}],"collection":[{"href":"https:\/\/sioctave.com\/en\/wp-json\/wp\/v2\/pages"}],"about":[{"href":"https:\/\/sioctave.com\/en\/wp-json\/wp\/v2\/types\/page"}],"author":[{"embeddable":true,"href":"https:\/\/sioctave.com\/en\/wp-json\/wp\/v2\/users\/2"}],"replies":[{"embeddable":true,"href":"https:\/\/sioctave.com\/en\/wp-json\/wp\/v2\/comments?post=1222"}],"version-history":[{"count":0,"href":"https:\/\/sioctave.com\/en\/wp-json\/wp\/v2\/pages\/1222\/revisions"}],"wp:attachment":[{"href":"https:\/\/sioctave.com\/en\/wp-json\/wp\/v2\/media?parent=1222"}],"curies":[{"name":"wp","href":"https:\/\/api.w.org\/{rel}","templated":true}]}}