{"id":1856,"date":"2022-11-09T09:45:03","date_gmt":"2022-11-09T13:45:03","guid":{"rendered":"https:\/\/sioctave.com\/services\/"},"modified":"2026-03-23T07:34:32","modified_gmt":"2026-03-23T11:34:32","slug":"services","status":"publish","type":"page","link":"https:\/\/sioctave.com\/en\/services\/","title":{"rendered":"Services"},"content":{"rendered":"\t\t<div data-elementor-type=\"wp-page\" data-elementor-id=\"1856\" class=\"elementor elementor-1856 elementor-44\" data-elementor-post-type=\"page\">\n\t\t\t\t\t\t<section class=\"elementor-section elementor-top-section elementor-element elementor-element-a35fb15 elementor-section-boxed elementor-section-height-default elementor-section-height-default\" data-id=\"a35fb15\" data-element_type=\"section\">\n\t\t\t\t\t\t<div class=\"elementor-container elementor-column-gap-default\">\n\t\t\t\t\t<div class=\"elementor-column elementor-col-100 elementor-top-column elementor-element elementor-element-690c71b\" data-id=\"690c71b\" data-element_type=\"column\">\n\t\t\t<div class=\"elementor-widget-wrap elementor-element-populated\">\n\t\t\t\t\t\t<div class=\"elementor-element elementor-element-87b1f79 elementor-widget elementor-widget-heading\" data-id=\"87b1f79\" data-element_type=\"widget\" data-widget_type=\"heading.default\">\n\t\t\t\t<div class=\"elementor-widget-container\">\n\t\t\t\t\t<h1 class=\"elementor-heading-title elementor-size-default\">Octave <br>will accompany you<\/h1>\t\t\t\t<\/div>\n\t\t\t\t<\/div>\n\t\t\t\t\t<\/div>\n\t\t<\/div>\n\t\t\t\t\t<\/div>\n\t\t<\/section>\n\t\t\t\t<section class=\"elementor-section elementor-top-section elementor-element elementor-element-bd667ec elementor-section-boxed elementor-section-height-default elementor-section-height-default\" data-id=\"bd667ec\" data-element_type=\"section\">\n\t\t\t\t\t\t<div class=\"elementor-container elementor-column-gap-default\">\n\t\t\t\t\t<div class=\"elementor-column elementor-col-66 elementor-top-column elementor-element elementor-element-61e4442\" data-id=\"61e4442\" data-element_type=\"column\">\n\t\t\t<div class=\"elementor-widget-wrap elementor-element-populated\">\n\t\t\t\t\t\t<div class=\"elementor-element elementor-element-4b633ee elementor-widget elementor-widget-text-editor\" data-id=\"4b633ee\" data-element_type=\"widget\" data-widget_type=\"text-editor.default\">\n\t\t\t\t<div class=\"elementor-widget-container\">\n\t\t\t\t\t\t\t\t\t<p class=\"f\">Feel free to contact us for more information about our available rental units. We are here to answer all your questions and help you find the perfect place for you.<\/p>\n\t\t\t\t\t\t\t\t<\/div>\n\t\t\t\t<\/div>\n\t\t\t\t<div class=\"elementor-element elementor-element-d02a36c elementor-align-left elementor-widget elementor-widget-button\" data-id=\"d02a36c\" data-element_type=\"widget\" data-widget_type=\"button.default\">\n\t\t\t\t<div class=\"elementor-widget-container\">\n\t\t\t\t\t\t\t\t\t<div class=\"elementor-button-wrapper\">\n\t\t\t\t\t<a class=\"elementor-button elementor-button-link elementor-size-sm\" href=\"https:\/\/sioctave.com\/en\/contact-us\/\">\n\t\t\t\t\t\t<span class=\"elementor-button-content-wrapper\">\n\t\t\t\t\t\t\t\t\t<span class=\"elementor-button-text\">Contact us<\/span>\n\t\t\t\t\t<\/span>\n\t\t\t\t\t<\/a>\n\t\t\t\t<\/div>\n\t\t\t\t\t\t\t\t<\/div>\n\t\t\t\t<\/div>\n\t\t\t\t<div class=\"elementor-element elementor-element-f417b13 elementor-widget elementor-widget-spacer\" data-id=\"f417b13\" data-element_type=\"widget\" data-widget_type=\"spacer.default\">\n\t\t\t\t<div class=\"elementor-widget-container\">\n\t\t\t\t\t\t\t<div class=\"elementor-spacer\">\n\t\t\t<div class=\"elementor-spacer-inner\"><\/div>\n\t\t<\/div>\n\t\t\t\t\t\t<\/div>\n\t\t\t\t<\/div>\n\t\t\t\t\t<\/div>\n\t\t<\/div>\n\t\t\t\t<div class=\"elementor-column elementor-col-33 elementor-top-column elementor-element elementor-element-cf34938\" data-id=\"cf34938\" data-element_type=\"column\">\n\t\t\t<div class=\"elementor-widget-wrap\">\n\t\t\t\t\t\t\t<\/div>\n\t\t<\/div>\n\t\t\t\t\t<\/div>\n\t\t<\/section>\n\t\t\t\t<section class=\"elementor-section elementor-top-section elementor-element elementor-element-560645e elementor-hidden-desktop elementor-hidden-tablet elementor-hidden-mobile elementor-section-boxed elementor-section-height-default elementor-section-height-default\" data-id=\"560645e\" data-element_type=\"section\">\n\t\t\t\t\t\t<div class=\"elementor-container elementor-column-gap-default\">\n\t\t\t\t\t<div class=\"elementor-column elementor-col-50 elementor-top-column elementor-element elementor-element-4975fd3\" data-id=\"4975fd3\" data-element_type=\"column\">\n\t\t\t<div class=\"elementor-widget-wrap elementor-element-populated\">\n\t\t\t\t\t\t<div class=\"elementor-element elementor-element-160a862 bordure proprietaire elementor-widget elementor-widget-heading\" data-id=\"160a862\" data-element_type=\"widget\" data-widget_type=\"heading.default\">\n\t\t\t\t<div class=\"elementor-widget-container\">\n\t\t\t\t\t<p class=\"elementor-heading-title elementor-size-default\">You wish to <br><u>rent your&nbsp;condo<\/u>?<\/p>\t\t\t\t<\/div>\n\t\t\t\t<\/div>\n\t\t\t\t<div class=\"elementor-element elementor-element-ecf0087 elementor-mobile-align-justify elementor-widget elementor-widget-button\" data-id=\"ecf0087\" data-element_type=\"widget\" data-widget_type=\"button.default\">\n\t\t\t\t<div class=\"elementor-widget-container\">\n\t\t\t\t\t\t\t\t\t<div class=\"elementor-button-wrapper\">\n\t\t\t\t\t<a class=\"elementor-button elementor-button-link elementor-size-sm\" href=\"https:\/\/sioctave.com\/en\/?page_id=1858\">\n\t\t\t\t\t\t<span class=\"elementor-button-content-wrapper\">\n\t\t\t\t\t\t\t\t\t<span class=\"elementor-button-text\">View our homeowner services<\/span>\n\t\t\t\t\t<\/span>\n\t\t\t\t\t<\/a>\n\t\t\t\t<\/div>\n\t\t\t\t\t\t\t\t<\/div>\n\t\t\t\t<\/div>\n\t\t\t\t\t<\/div>\n\t\t<\/div>\n\t\t\t\t<div class=\"elementor-column elementor-col-50 elementor-top-column elementor-element elementor-element-b688289\" data-id=\"b688289\" data-element_type=\"column\">\n\t\t\t<div class=\"elementor-widget-wrap elementor-element-populated\">\n\t\t\t\t\t\t<div class=\"elementor-element elementor-element-f093c37 bordure locataire elementor-widget elementor-widget-heading\" data-id=\"f093c37\" data-element_type=\"widget\" data-widget_type=\"heading.default\">\n\t\t\t\t<div class=\"elementor-widget-container\">\n\t\t\t\t\t<p class=\"elementor-heading-title elementor-size-default\">Are you <u>looking<\/u> <br>for a <u>condo to rent?<\/u><\/p>\t\t\t\t<\/div>\n\t\t\t\t<\/div>\n\t\t\t\t<div class=\"elementor-element elementor-element-1f2ea8a elementor-mobile-align-justify elementor-widget elementor-widget-button\" data-id=\"1f2ea8a\" data-element_type=\"widget\" data-widget_type=\"button.default\">\n\t\t\t\t<div class=\"elementor-widget-container\">\n\t\t\t\t\t\t\t\t\t<div class=\"elementor-button-wrapper\">\n\t\t\t\t\t<a class=\"elementor-button elementor-button-link elementor-size-sm\" href=\"https:\/\/sioctave.com\/en\/?page_id=1860\">\n\t\t\t\t\t\t<span class=\"elementor-button-content-wrapper\">\n\t\t\t\t\t\t\t\t\t<span class=\"elementor-button-text\">View our tenant&nbsp;services<\/span>\n\t\t\t\t\t<\/span>\n\t\t\t\t\t<\/a>\n\t\t\t\t<\/div>\n\t\t\t\t\t\t\t\t<\/div>\n\t\t\t\t<\/div>\n\t\t\t\t\t<\/div>\n\t\t<\/div>\n\t\t\t\t\t<\/div>\n\t\t<\/section>\n\t\t\t\t<\/div>\n\t\t","protected":false},"excerpt":{"rendered":"<p>Octave will accompany you Feel free to contact us for more information about our available rental units. We are here to answer all your questions and help you find the perfect place for you. Contact us You wish to rent your\u00a0condo? View our homeowner services Are you looking for a condo to rent? View our [&hellip;]<\/p>\n","protected":false},"author":2,"featured_media":3884,"parent":0,"menu_order":20,"comment_status":"closed","ping_status":"closed","template":"","meta":{"_acf_changed":false,"inline_featured_image":false,"site-sidebar-layout":"no-sidebar","site-content-layout":"page-builder","ast-site-content-layout":"full-width-container","site-content-style":"unboxed","site-sidebar-style":"unboxed","ast-global-header-display":"","ast-banner-title-visibility":"","ast-main-header-display":"","ast-hfb-above-header-display":"","ast-hfb-below-header-display":"","ast-hfb-mobile-header-display":"","site-post-title":"disabled","ast-breadcrumbs-content":"","ast-featured-img":"disabled","footer-sml-layout":"","theme-transparent-header-meta":"default","adv-header-id-meta":"","stick-header-meta":"","header-above-stick-meta":"","header-main-stick-meta":"","header-below-stick-meta":"","astra-migrate-meta-layouts":"set","ast-page-background-enabled":"default","ast-page-background-meta":{"desktop":{"background-color":"var(--ast-global-color-4)","background-image":"","background-repeat":"repeat","background-position":"center center","background-size":"auto","background-attachment":"scroll","background-type":"","background-media":"","overlay-type":"","overlay-color":"","overlay-opacity":"","overlay-gradient":""},"tablet":{"background-color":"","background-image":"","background-repeat":"repeat","background-position":"center center","background-size":"auto","background-attachment":"scroll","background-type":"","background-media":"","overlay-type":"","overlay-color":"","overlay-opacity":"","overlay-gradient":""},"mobile":{"background-color":"","background-image":"","background-repeat":"repeat","background-position":"center center","background-size":"auto","background-attachment":"scroll","background-type":"","background-media":"","overlay-type":"","overlay-color":"","overlay-opacity":"","overlay-gradient":""}},"ast-content-background-meta":{"desktop":{"background-color":"var(--ast-global-color-5)","background-image":"","background-repeat":"repeat","background-position":"center center","background-size":"auto","background-attachment":"scroll","background-type":"","background-media":"","overlay-type":"","overlay-color":"","overlay-opacity":"","overlay-gradient":""},"tablet":{"background-color":"var(--ast-global-color-5)","background-image":"","background-repeat":"repeat","background-position":"center center","background-size":"auto","background-attachment":"scroll","background-type":"","background-media":"","overlay-type":"","overlay-color":"","overlay-opacity":"","overlay-gradient":""},"mobile":{"background-color":"var(--ast-global-color-5)","background-image":"","background-repeat":"repeat","background-position":"center center","background-size":"auto","background-attachment":"scroll","background-type":"","background-media":"","overlay-type":"","overlay-color":"","overlay-opacity":"","overlay-gradient":""}},"footnotes":""},"class_list":["post-1856","page","type-page","status-publish","has-post-thumbnail","hentry"],"acf":[],"yoast_head":"<!-- This site is optimized with the Yoast SEO plugin v26.4 - https:\/\/yoast.com\/wordpress\/plugins\/seo\/ -->\n<title>Services |<\/title>\n<meta name=\"robots\" content=\"index, follow, max-snippet:-1, max-image-preview:large, max-video-preview:-1\" \/>\n<link rel=\"canonical\" href=\"https:\/\/sioctave.com\/en\/services\/\" \/>\n<meta property=\"og:locale\" content=\"en_US\" \/>\n<meta property=\"og:type\" content=\"article\" \/>\n<meta property=\"og:title\" content=\"Services |\" \/>\n<meta property=\"og:description\" content=\"Octave will accompany you Feel free to contact us for more information about our available rental units. We are here to answer all your questions and help you find the perfect place for you. Contact us You wish to rent your\u00a0condo? View our homeowner services Are you looking for a condo to rent? View our [&hellip;]\" \/>\n<meta property=\"og:url\" content=\"https:\/\/sioctave.com\/en\/services\/\" \/>\n<meta property=\"og:site_name\" content=\"Octave Soci\u00e9t\u00e9 immobili\u00e8re\" \/>\n<meta property=\"article:publisher\" content=\"https:\/\/www.facebook.com\/SIOctave\" \/>\n<meta property=\"article:modified_time\" content=\"2026-03-23T11:34:32+00:00\" \/>\n<meta property=\"og:image\" content=\"https:\/\/sioctave.com\/wp-content\/uploads\/2023\/12\/publication1-b-octave.jpg\" \/>\n\t<meta property=\"og:image:width\" content=\"1600\" \/>\n\t<meta property=\"og:image:height\" content=\"1600\" \/>\n\t<meta property=\"og:image:type\" content=\"image\/jpeg\" \/>\n<meta name=\"twitter:card\" content=\"summary_large_image\" \/>\n<meta name=\"twitter:label1\" content=\"Est. reading time\" \/>\n\t<meta name=\"twitter:data1\" content=\"1 minute\" \/>\n<script type=\"application\/ld+json\" class=\"yoast-schema-graph\">{\"@context\":\"https:\/\/schema.org\",\"@graph\":[{\"@type\":\"WebPage\",\"@id\":\"https:\/\/sioctave.com\/en\/services\/\",\"url\":\"https:\/\/sioctave.com\/en\/services\/\",\"name\":\"Services |\",\"isPartOf\":{\"@id\":\"https:\/\/sioctave.com\/en\/#website\"},\"primaryImageOfPage\":{\"@id\":\"https:\/\/sioctave.com\/en\/services\/#primaryimage\"},\"image\":{\"@id\":\"https:\/\/sioctave.com\/en\/services\/#primaryimage\"},\"thumbnailUrl\":\"https:\/\/sioctave.com\/wp-content\/uploads\/2023\/12\/publication1-b-octave.jpg\",\"datePublished\":\"2022-11-09T13:45:03+00:00\",\"dateModified\":\"2026-03-23T11:34:32+00:00\",\"breadcrumb\":{\"@id\":\"https:\/\/sioctave.com\/en\/services\/#breadcrumb\"},\"inLanguage\":\"en-US\",\"potentialAction\":[{\"@type\":\"ReadAction\",\"target\":[\"https:\/\/sioctave.com\/en\/services\/\"]}]},{\"@type\":\"ImageObject\",\"inLanguage\":\"en-US\",\"@id\":\"https:\/\/sioctave.com\/en\/services\/#primaryimage\",\"url\":\"https:\/\/sioctave.com\/wp-content\/uploads\/2023\/12\/publication1-b-octave.jpg\",\"contentUrl\":\"https:\/\/sioctave.com\/wp-content\/uploads\/2023\/12\/publication1-b-octave.jpg\",\"width\":1600,\"height\":1600},{\"@type\":\"BreadcrumbList\",\"@id\":\"https:\/\/sioctave.com\/en\/services\/#breadcrumb\",\"itemListElement\":[{\"@type\":\"ListItem\",\"position\":1,\"name\":\"Homepage\",\"item\":\"https:\/\/sioctave.com\/en\/\"},{\"@type\":\"ListItem\",\"position\":2,\"name\":\"Services\"}]},{\"@type\":\"WebSite\",\"@id\":\"https:\/\/sioctave.com\/en\/#website\",\"url\":\"https:\/\/sioctave.com\/en\/\",\"name\":\"Octave Soci\u00e9t\u00e9 immobili\u00e8re\",\"description\":\"Manage. Optimize. Develop.\",\"publisher\":{\"@id\":\"https:\/\/sioctave.com\/en\/#organization\"},\"potentialAction\":[{\"@type\":\"SearchAction\",\"target\":{\"@type\":\"EntryPoint\",\"urlTemplate\":\"https:\/\/sioctave.com\/en\/?s={search_term_string}\"},\"query-input\":{\"@type\":\"PropertyValueSpecification\",\"valueRequired\":true,\"valueName\":\"search_term_string\"}}],\"inLanguage\":\"en-US\"},{\"@type\":\"Organization\",\"@id\":\"https:\/\/sioctave.com\/en\/#organization\",\"name\":\"Octave Soci\u00e9t\u00e9 immobili\u00e8re\",\"url\":\"https:\/\/sioctave.com\/en\/\",\"logo\":{\"@type\":\"ImageObject\",\"inLanguage\":\"en-US\",\"@id\":\"https:\/\/sioctave.com\/en\/#\/schema\/logo\/image\/\",\"url\":\"https:\/\/sioctave.com\/wp-content\/uploads\/2022\/11\/octave-societe-immobiliere.jpg\",\"contentUrl\":\"https:\/\/sioctave.com\/wp-content\/uploads\/2022\/11\/octave-societe-immobiliere.jpg\",\"width\":835,\"height\":835,\"caption\":\"Octave Soci\u00e9t\u00e9 immobili\u00e8re\"},\"image\":{\"@id\":\"https:\/\/sioctave.com\/en\/#\/schema\/logo\/image\/\"},\"sameAs\":[\"https:\/\/www.facebook.com\/SIOctave\",\"https:\/\/www.linkedin.com\/in\/david-pineault-g-3a4529207\/\",\"https:\/\/www.youtube.com\/channel\/UCCEE6JCwBWtYyh6dzh0DfCw\"]}]}<\/script>\n<!-- \/ Yoast SEO plugin. -->","yoast_head_json":{"title":"Services |","robots":{"index":"index","follow":"follow","max-snippet":"max-snippet:-1","max-image-preview":"max-image-preview:large","max-video-preview":"max-video-preview:-1"},"canonical":"https:\/\/sioctave.com\/en\/services\/","og_locale":"en_US","og_type":"article","og_title":"Services |","og_description":"Octave will accompany you Feel free to contact us for more information about our available rental units. We are here to answer all your questions and help you find the perfect place for you. Contact us You wish to rent your\u00a0condo? View our homeowner services Are you looking for a condo to rent? View our [&hellip;]","og_url":"https:\/\/sioctave.com\/en\/services\/","og_site_name":"Octave Soci\u00e9t\u00e9 immobili\u00e8re","article_publisher":"https:\/\/www.facebook.com\/SIOctave","article_modified_time":"2026-03-23T11:34:32+00:00","og_image":[{"width":1600,"height":1600,"url":"https:\/\/sioctave.com\/wp-content\/uploads\/2023\/12\/publication1-b-octave.jpg","type":"image\/jpeg"}],"twitter_card":"summary_large_image","twitter_misc":{"Est. reading time":"1 minute"},"schema":{"@context":"https:\/\/schema.org","@graph":[{"@type":"WebPage","@id":"https:\/\/sioctave.com\/en\/services\/","url":"https:\/\/sioctave.com\/en\/services\/","name":"Services |","isPartOf":{"@id":"https:\/\/sioctave.com\/en\/#website"},"primaryImageOfPage":{"@id":"https:\/\/sioctave.com\/en\/services\/#primaryimage"},"image":{"@id":"https:\/\/sioctave.com\/en\/services\/#primaryimage"},"thumbnailUrl":"https:\/\/sioctave.com\/wp-content\/uploads\/2023\/12\/publication1-b-octave.jpg","datePublished":"2022-11-09T13:45:03+00:00","dateModified":"2026-03-23T11:34:32+00:00","breadcrumb":{"@id":"https:\/\/sioctave.com\/en\/services\/#breadcrumb"},"inLanguage":"en-US","potentialAction":[{"@type":"ReadAction","target":["https:\/\/sioctave.com\/en\/services\/"]}]},{"@type":"ImageObject","inLanguage":"en-US","@id":"https:\/\/sioctave.com\/en\/services\/#primaryimage","url":"https:\/\/sioctave.com\/wp-content\/uploads\/2023\/12\/publication1-b-octave.jpg","contentUrl":"https:\/\/sioctave.com\/wp-content\/uploads\/2023\/12\/publication1-b-octave.jpg","width":1600,"height":1600},{"@type":"BreadcrumbList","@id":"https:\/\/sioctave.com\/en\/services\/#breadcrumb","itemListElement":[{"@type":"ListItem","position":1,"name":"Homepage","item":"https:\/\/sioctave.com\/en\/"},{"@type":"ListItem","position":2,"name":"Services"}]},{"@type":"WebSite","@id":"https:\/\/sioctave.com\/en\/#website","url":"https:\/\/sioctave.com\/en\/","name":"Octave Soci\u00e9t\u00e9 immobili\u00e8re","description":"Manage. Optimize. Develop.","publisher":{"@id":"https:\/\/sioctave.com\/en\/#organization"},"potentialAction":[{"@type":"SearchAction","target":{"@type":"EntryPoint","urlTemplate":"https:\/\/sioctave.com\/en\/?s={search_term_string}"},"query-input":{"@type":"PropertyValueSpecification","valueRequired":true,"valueName":"search_term_string"}}],"inLanguage":"en-US"},{"@type":"Organization","@id":"https:\/\/sioctave.com\/en\/#organization","name":"Octave Soci\u00e9t\u00e9 immobili\u00e8re","url":"https:\/\/sioctave.com\/en\/","logo":{"@type":"ImageObject","inLanguage":"en-US","@id":"https:\/\/sioctave.com\/en\/#\/schema\/logo\/image\/","url":"https:\/\/sioctave.com\/wp-content\/uploads\/2022\/11\/octave-societe-immobiliere.jpg","contentUrl":"https:\/\/sioctave.com\/wp-content\/uploads\/2022\/11\/octave-societe-immobiliere.jpg","width":835,"height":835,"caption":"Octave Soci\u00e9t\u00e9 immobili\u00e8re"},"image":{"@id":"https:\/\/sioctave.com\/en\/#\/schema\/logo\/image\/"},"sameAs":["https:\/\/www.facebook.com\/SIOctave","https:\/\/www.linkedin.com\/in\/david-pineault-g-3a4529207\/","https:\/\/www.youtube.com\/channel\/UCCEE6JCwBWtYyh6dzh0DfCw"]}]}},"_links":{"self":[{"href":"https:\/\/sioctave.com\/en\/wp-json\/wp\/v2\/pages\/1856","targetHints":{"allow":["GET"]}}],"collection":[{"href":"https:\/\/sioctave.com\/en\/wp-json\/wp\/v2\/pages"}],"about":[{"href":"https:\/\/sioctave.com\/en\/wp-json\/wp\/v2\/types\/page"}],"author":[{"embeddable":true,"href":"https:\/\/sioctave.com\/en\/wp-json\/wp\/v2\/users\/2"}],"replies":[{"embeddable":true,"href":"https:\/\/sioctave.com\/en\/wp-json\/wp\/v2\/comments?post=1856"}],"version-history":[{"count":4,"href":"https:\/\/sioctave.com\/en\/wp-json\/wp\/v2\/pages\/1856\/revisions"}],"predecessor-version":[{"id":4776,"href":"https:\/\/sioctave.com\/en\/wp-json\/wp\/v2\/pages\/1856\/revisions\/4776"}],"wp:featuredmedia":[{"embeddable":true,"href":"https:\/\/sioctave.com\/en\/wp-json\/wp\/v2\/media\/3884"}],"wp:attachment":[{"href":"https:\/\/sioctave.com\/en\/wp-json\/wp\/v2\/media?parent=1856"}],"curies":[{"name":"wp","href":"https:\/\/api.w.org\/{rel}","templated":true}]}}